{"id":198,"date":"2024-05-17T07:12:30","date_gmt":"2024-05-17T07:12:30","guid":{"rendered":"http:\/\/www.cvsjq.ch\/?page_id=198"},"modified":"2026-05-01T08:27:22","modified_gmt":"2026-05-01T08:27:22","slug":"inscriptions","status":"publish","type":"page","link":"https:\/\/www.cvsjq.ch\/index.php\/inscriptions\/","title":{"rendered":"Inscriptions"},"content":{"rendered":"<p>Inscriptions jusqu&rsquo;au 15 juin<\/p>\n<a href=\"https:\/\/script.google.com\/macros\/s\/AKfycbzrBHDeSVSfMTdjh3yynPz73L2-GYgFXMUDtHRF74umkth_Khr0v8-vdMC4iu8i8exNWQ\/exec\" class=\"su-button su-button-style-default su-button-wide\" style=\"color:#FFFFFF;background-color:#BE1622;border-color:#98121c;border-radius:12px\" target=\"_blank\" rel=\"noopener noreferrer\"><span style=\"color:#FFFFFF;padding:9px 30px;font-size:22px;line-height:33px;border-color:#d25c65;border-radius:12px;text-shadow:none\"><i class=\"sui sui-pencil-square-o\" style=\"font-size:22px;color:#FFFFFF\"><\/i> Soliste<\/span><\/a>\n<a href=\"https:\/\/script.google.com\/macros\/s\/AKfycbzM5lgkZTdLFsldy7EJDxdQogIasfCVVeoVwlvPwNaVNtPB5kaoyDO0bem2QlTpq_AMag\/exec\" class=\"su-button su-button-style-default su-button-wide\" style=\"color:#FFFFFF;background-color:#BE1622;border-color:#98121c;border-radius:12px\" target=\"_blank\" rel=\"noopener noreferrer\"><span style=\"color:#FFFFFF;padding:9px 30px;font-size:22px;line-height:33px;border-color:#d25c65;border-radius:12px;text-shadow:none\"><i class=\"sui sui-pencil-square-o\" style=\"font-size:22px;color:#FFFFFF\"><\/i> Quatuor<\/span><\/a>\n<a href=\"https:\/\/www.cvsjq.ch\/wp-content\/uploads\/2026\/05\/TheVirtuousCircle_Score.pdf\" class=\"su-button su-button-style-default su-button-wide\" style=\"color:#FFFFFF;background-color:#640100;border-color:#500100;border-radius:7px\" target=\"_blank\" rel=\"noopener noreferrer\"><span style=\"color:#FFFFFF;padding:7px 20px;font-size:16px;line-height:24px;border-color:#934e4d;border-radius:7px;text-shadow:none\"><i class=\"sui sui-music\" style=\"font-size:16px;color:#FFFFFF\"><\/i> The Virtuous Circle, Gilles Rocha<\/span><\/a>\n<a href=\"https:\/\/script.google.com\/macros\/s\/AKfycbzD3VSvDMFPxXX6bg4l9TmEiFD8LIS0KdW0KlPheyVAolzmvrnmIGpIbEO3twWVrgvp\/exec\" class=\"su-button su-button-style-default su-button-wide\" style=\"color:#FFFFFF;background-color:#BE1622;border-color:#98121c;border-radius:12px\" target=\"_blank\" rel=\"noopener noreferrer\"><span style=\"color:#FFFFFF;padding:9px 30px;font-size:22px;line-height:33px;border-color:#d25c65;border-radius:12px;text-shadow:none\"><i class=\"sui sui-pencil-square-o\" style=\"font-size:22px;color:#FFFFFF\"><\/i> Ensemble<\/span><\/a>\n<div class=\"su-button-center\"><a href=\"https:\/\/www.cvsjq.ch\/wp-content\/uploads\/2026\/05\/CVSJQ_2026_Reglement.pdf\" class=\"su-button su-button-style-default su-button-wide\" style=\"color:#FFFFFF;background-color:#BE1622;border-color:#98121c;border-radius:12px\" target=\"_blank\" rel=\"noopener noreferrer\"><span style=\"color:#FFFFFF;padding:9px 30px;font-size:22px;line-height:33px;border-color:#d25c65;border-radius:12px;text-shadow:none\"><i class=\"sui sui-file-text\" style=\"font-size:22px;color:#FFFFFF\"><\/i> R\u00e8glement <\/span><\/a><\/div>\n\n\n<hr class=\"wp-block-separator has-css-opacity\"\/>\n\n\n\n<p class=\"has-text-align-center\"><strong>Banque&nbsp;: BCVS \u2013 1950 Sion, IBAN&nbsp;: CH10 0076 5000 K085 4917 5, <\/strong><br><strong>b\u00e9n\u00e9ficiaire&nbsp;: &nbsp;Championnat Valaisan des Solistes, 3979 Gr\u00f4ne<\/strong><\/p>\n","protected":false},"excerpt":{"rendered":"<p>Inscriptions jusqu&rsquo;au 15 juin Banque&nbsp;: BCVS \u2013 1950 Sion, IBAN&nbsp;: CH10 0076 5000 K085 4917 5, b\u00e9n\u00e9ficiaire&nbsp;: &nbsp;Championnat Valaisan des Solistes, 3979 Gr\u00f4ne<\/p>\n","protected":false},"author":1,"featured_media":0,"parent":0,"menu_order":0,"comment_status":"closed","ping_status":"closed","template":"page-templates\/full-width.php","meta":{"footnotes":""},"class_list":["post-198","page","type-page","status-publish","hentry"],"_links":{"self":[{"href":"https:\/\/www.cvsjq.ch\/index.php\/wp-json\/wp\/v2\/pages\/198","targetHints":{"allow":["GET"]}}],"collection":[{"href":"https:\/\/www.cvsjq.ch\/index.php\/wp-json\/wp\/v2\/pages"}],"about":[{"href":"https:\/\/www.cvsjq.ch\/index.php\/wp-json\/wp\/v2\/types\/page"}],"author":[{"embeddable":true,"href":"https:\/\/www.cvsjq.ch\/index.php\/wp-json\/wp\/v2\/users\/1"}],"replies":[{"embeddable":true,"href":"https:\/\/www.cvsjq.ch\/index.php\/wp-json\/wp\/v2\/comments?post=198"}],"version-history":[{"count":33,"href":"https:\/\/www.cvsjq.ch\/index.php\/wp-json\/wp\/v2\/pages\/198\/revisions"}],"predecessor-version":[{"id":4930,"href":"https:\/\/www.cvsjq.ch\/index.php\/wp-json\/wp\/v2\/pages\/198\/revisions\/4930"}],"wp:attachment":[{"href":"https:\/\/www.cvsjq.ch\/index.php\/wp-json\/wp\/v2\/media?parent=198"}],"curies":[{"name":"wp","href":"https:\/\/api.w.org\/{rel}","templated":true}]}}