{"id":4218,"date":"2020-10-25T09:43:41","date_gmt":"2020-10-25T09:43:41","guid":{"rendered":"https:\/\/www.cvsjq.ch\/?page_id=4218"},"modified":"2020-10-25T09:46:34","modified_gmt":"2020-10-25T09:46:34","slug":"4218-2","status":"publish","type":"page","link":"https:\/\/www.cvsjq.ch\/index.php\/4218-2\/","title":{"rendered":"Elementor #4218"},"content":{"rendered":"<p><a href=\"https:\/\/cvsjq.ch\/index.php\/2020\/09\/20\/le-cvsjq-2020-est-annulevive-le-concours-virtuel-des-cuivres\/\"><img decoding=\"async\" width=\"474\" height=\"316\" src=\"https:\/\/cvsjq.ch\/wp-content\/uploads\/2020\/09\/CVSJQ19-Morelli-Champ-Minimes-DSC09330-1024x683.jpg\" alt=\"\" loading=\"lazy\" srcset=\"https:\/\/cvsjq.ch\/wp-content\/uploads\/2020\/09\/CVSJQ19-Morelli-Champ-Minimes-DSC09330-1024x683.jpg 1024w, https:\/\/cvsjq.ch\/wp-content\/uploads\/2020\/09\/CVSJQ19-Morelli-Champ-Minimes-DSC09330-300x200.jpg 300w, https:\/\/cvsjq.ch\/wp-content\/uploads\/2020\/09\/CVSJQ19-Morelli-Champ-Minimes-DSC09330-768x512.jpg 768w, https:\/\/cvsjq.ch\/wp-content\/uploads\/2020\/09\/CVSJQ19-Morelli-Champ-Minimes-DSC09330-1536x1024.jpg 1536w, https:\/\/cvsjq.ch\/wp-content\/uploads\/2020\/09\/CVSJQ19-Morelli-Champ-Minimes-DSC09330-2048x1365.jpg 2048w\" sizes=\"auto, (max-width: 474px) 100vw, 474px\" \/><\/a>\t\t\t<\/p>\n<h2>\n\t\t\t\t\t\t\t\t\t<a href=\"https:\/\/cvsjq.ch\/index.php\/2020\/09\/20\/le-cvsjq-2020-est-annulevive-le-concours-virtuel-des-cuivres\/\" title=\"Le CVSJQ 2020 est annul\u00e9:Vive le Concours virtuel des cuivres!\"><br \/>\n\t\t\t\t\t\tLe CVSJQ 2020 est annul\u00e9:Vive le Concours virtuel des cuivres!\t\t\t\t\t<\/a><br \/>\n\t\t\t\t\t\t\t\t<\/h2>\n<p>\t\t\t\tseptembre 20, 2020\t\t\t<\/p>\n<p>Apr\u00e8s avoir f\u00eat\u00e9 avec brio son quart de si\u00e8cle, le Championnat valaisan des solistes (CVSJQ) doit d\u00e9clarer forfait. Mais une &#8230;<\/p>\n<p>\t\t\t\t\t\t\t\t<a href=\"https:\/\/cvsjq.ch\/index.php\/2020\/09\/20\/le-cvsjq-2020-est-annulevive-le-concours-virtuel-des-cuivres\/\"><br \/>\n\t\t\t\t\tLire<br \/>\n\t\t\t\t\t\t\t\t<\/a><br \/>\n\t\t\t\t<a href=\"https:\/\/cvsjq.ch\/index.php\/2020\/01\/05\/la-creme-des-solistes-reunie-pour-un-concert-de-gala-exceptionnel\/\"><img decoding=\"async\" width=\"453\" height=\"277\" src=\"https:\/\/cvsjq.ch\/wp-content\/uploads\/2020\/09\/cvsjq.png\" alt=\"\" loading=\"lazy\" srcset=\"https:\/\/cvsjq.ch\/wp-content\/uploads\/2020\/09\/cvsjq.png 453w, https:\/\/cvsjq.ch\/wp-content\/uploads\/2020\/09\/cvsjq-300x183.png 300w\" sizes=\"auto, (max-width: 453px) 100vw, 453px\" \/><\/a>\t\t\t<\/p>\n<h2>\n\t\t\t\t\t\t\t\t\t<a href=\"https:\/\/cvsjq.ch\/index.php\/2020\/01\/05\/la-creme-des-solistes-reunie-pour-un-concert-de-gala-exceptionnel\/\" title=\"La cr\u00e8me des solistes r\u00e9unie pour un concert de gala exceptionnel!\"><br \/>\n\t\t\t\t\t\tLa cr\u00e8me des solistes r\u00e9unie pour un concert de gala exceptionnel!\t\t\t\t\t<\/a><br \/>\n\t\t\t\t\t\t\t\t<\/h2>\n<p>\t\t\t\tjanvier 5, 2020\t\t\t<\/p>\n<p>En 25 ans, le Championnat valaisan des solistes a mis en comp\u00e9tition 9000 jeunes. Pour marquer ce jubil\u00e9, tous les &#8230;<\/p>\n<p>\t\t\t\t\t\t\t\t<a href=\"https:\/\/cvsjq.ch\/index.php\/2020\/01\/05\/la-creme-des-solistes-reunie-pour-un-concert-de-gala-exceptionnel\/\"><br \/>\n\t\t\t\t\tLire<br \/>\n\t\t\t\t\t\t\t\t<\/a><br \/>\n\t\t\t\t<a href=\"https:\/\/cvsjq.ch\/index.php\/2019\/12\/08\/cedric-ritler-signe-le-double\/\"><img decoding=\"async\" width=\"474\" height=\"314\" src=\"https:\/\/cvsjq.ch\/wp-content\/uploads\/2019\/12\/CVSJQ19-Ritler-Champion-VS2019-DSC09452_2-scaled-1-1024x678.jpg\" alt=\"\" loading=\"lazy\" srcset=\"https:\/\/cvsjq.ch\/wp-content\/uploads\/2019\/12\/CVSJQ19-Ritler-Champion-VS2019-DSC09452_2-scaled-1-1024x678.jpg 1024w, https:\/\/cvsjq.ch\/wp-content\/uploads\/2019\/12\/CVSJQ19-Ritler-Champion-VS2019-DSC09452_2-scaled-1-300x199.jpg 300w, https:\/\/cvsjq.ch\/wp-content\/uploads\/2019\/12\/CVSJQ19-Ritler-Champion-VS2019-DSC09452_2-scaled-1-768x509.jpg 768w, https:\/\/cvsjq.ch\/wp-content\/uploads\/2019\/12\/CVSJQ19-Ritler-Champion-VS2019-DSC09452_2-scaled-1-1536x1017.jpg 1536w, https:\/\/cvsjq.ch\/wp-content\/uploads\/2019\/12\/CVSJQ19-Ritler-Champion-VS2019-DSC09452_2-scaled-1-2048x1356.jpg 2048w\" sizes=\"auto, (max-width: 474px) 100vw, 474px\" \/><\/a>\t\t\t<\/p>\n<h2>\n\t\t\t\t\t\t\t\t\t<a href=\"https:\/\/cvsjq.ch\/index.php\/2019\/12\/08\/cedric-ritler-signe-le-double\/\" title=\"C\u00e9dric Ritler signe le doubl\u00e9\"><br \/>\n\t\t\t\t\t\tC\u00e9dric Ritler signe le doubl\u00e9\t\t\t\t\t<\/a><br \/>\n\t\t\t\t\t\t\t\t<\/h2>\n<p>\t\t\t\td\u00e9cembre 8, 2019\t\t\t<\/p>\n<p>C\u00e9dric Ritler a brillamment conserv\u00e9 son titre de champion valaisan. Et son succ\u00e8s de l\u2019an dernier a d\u00e9clench\u00e9 une v\u00e9ritable &#8230;<\/p>\n<p>\t\t\t\t\t\t\t\t<a href=\"https:\/\/cvsjq.ch\/index.php\/2019\/12\/08\/cedric-ritler-signe-le-double\/\"><br \/>\n\t\t\t\t\tLire<br \/>\n\t\t\t\t\t\t\t\t<\/a><br \/>\n\t\t\t\t<a href=\"https:\/\/cvsjq.ch\/index.php\/2019\/12\/02\/cedric-ritler-va-defendre-son-titre-face-a-plus-de-300-concurrents\/\"><img decoding=\"async\" width=\"474\" height=\"711\" src=\"https:\/\/cvsjq.ch\/wp-content\/uploads\/2019\/12\/cvsjq18-Championne-Minimes-Julie-Pralong-DSC08257-scaled-1-683x1024.jpg\" alt=\"\" loading=\"lazy\" srcset=\"https:\/\/cvsjq.ch\/wp-content\/uploads\/2019\/12\/cvsjq18-Championne-Minimes-Julie-Pralong-DSC08257-scaled-1-683x1024.jpg 683w, https:\/\/cvsjq.ch\/wp-content\/uploads\/2019\/12\/cvsjq18-Championne-Minimes-Julie-Pralong-DSC08257-scaled-1-200x300.jpg 200w, https:\/\/cvsjq.ch\/wp-content\/uploads\/2019\/12\/cvsjq18-Championne-Minimes-Julie-Pralong-DSC08257-scaled-1-768x1152.jpg 768w, https:\/\/cvsjq.ch\/wp-content\/uploads\/2019\/12\/cvsjq18-Championne-Minimes-Julie-Pralong-DSC08257-scaled-1-1024x1536.jpg 1024w, https:\/\/cvsjq.ch\/wp-content\/uploads\/2019\/12\/cvsjq18-Championne-Minimes-Julie-Pralong-DSC08257-scaled-1-1366x2048.jpg 1366w, https:\/\/cvsjq.ch\/wp-content\/uploads\/2019\/12\/cvsjq18-Championne-Minimes-Julie-Pralong-DSC08257-scaled-1.jpg 1707w\" sizes=\"auto, (max-width: 474px) 100vw, 474px\" \/><\/a>\t\t\t<\/p>\n<h2>\n\t\t\t\t\t\t\t\t\t<a href=\"https:\/\/cvsjq.ch\/index.php\/2019\/12\/02\/cedric-ritler-va-defendre-son-titre-face-a-plus-de-300-concurrents\/\" title=\"Cedric Ritler va d\u00e9fendre son titre face \u00e0 plus de 300 concurrents\"><br \/>\n\t\t\t\t\t\tCedric Ritler va d\u00e9fendre son titre face \u00e0 plus de 300 concurrents\t\t\t\t\t<\/a><br \/>\n\t\t\t\t\t\t\t\t<\/h2>\n<p>\t\t\t\td\u00e9cembre 2, 2019\t\t\t<\/p>\n<p>Premier vainqueur haut-valaisan du Championnat des solistes, Cedric Ritler remet son titre en jeu. Mais ils seront pr\u00e8s de 320 &#8230;<\/p>\n<p>\t\t\t\t\t\t\t\t<a href=\"https:\/\/cvsjq.ch\/index.php\/2019\/12\/02\/cedric-ritler-va-defendre-son-titre-face-a-plus-de-300-concurrents\/\"><br \/>\n\t\t\t\t\tLire<br \/>\n\t\t\t\t\t\t\t\t<\/a><br \/>\n\t\t\t\t<a href=\"https:\/\/cvsjq.ch\/index.php\/2019\/11\/27\/valais-la-creme-des-solistes-a-la-nuit-des-champions\/\"><img decoding=\"async\" width=\"474\" height=\"356\" src=\"https:\/\/cvsjq.ch\/wp-content\/uploads\/2019\/11\/CVSJQ12-Juniors-podium-DSC06553-scaled-1-1024x768.jpg\" alt=\"\" loading=\"lazy\" srcset=\"https:\/\/cvsjq.ch\/wp-content\/uploads\/2019\/11\/CVSJQ12-Juniors-podium-DSC06553-scaled-1-1024x768.jpg 1024w, https:\/\/cvsjq.ch\/wp-content\/uploads\/2019\/11\/CVSJQ12-Juniors-podium-DSC06553-scaled-1-300x225.jpg 300w, https:\/\/cvsjq.ch\/wp-content\/uploads\/2019\/11\/CVSJQ12-Juniors-podium-DSC06553-scaled-1-768x576.jpg 768w, https:\/\/cvsjq.ch\/wp-content\/uploads\/2019\/11\/CVSJQ12-Juniors-podium-DSC06553-scaled-1-1536x1152.jpg 1536w, https:\/\/cvsjq.ch\/wp-content\/uploads\/2019\/11\/CVSJQ12-Juniors-podium-DSC06553-scaled-1-2048x1536.jpg 2048w\" sizes=\"auto, (max-width: 474px) 100vw, 474px\" \/><\/a>\t\t\t<\/p>\n<h2>\n\t\t\t\t\t\t\t\t\t<a href=\"https:\/\/cvsjq.ch\/index.php\/2019\/11\/27\/valais-la-creme-des-solistes-a-la-nuit-des-champions\/\" title=\"Valais: la cr\u00e8me des solistes \u00e0 la \u00abNuit des Champions\u00bb\"><br \/>\n\t\t\t\t\t\tValais: la cr\u00e8me des solistes \u00e0 la \u00abNuit des Champions\u00bb\t\t\t\t\t<\/a><br \/>\n\t\t\t\t\t\t\t\t<\/h2>\n<p>\t\t\t\tnovembre 27, 2019\t\t\t<\/p>\n<p>En 25 ans, le Championnat valaisan des solistes a mis en comp\u00e9tition 9000 jeunes. Pour marquer ce jubil\u00e9, tous les &#8230;<\/p>\n<p>\t\t\t\t\t\t\t\t<a href=\"https:\/\/cvsjq.ch\/index.php\/2019\/11\/27\/valais-la-creme-des-solistes-a-la-nuit-des-champions\/\"><br \/>\n\t\t\t\t\tLire<br \/>\n\t\t\t\t\t\t\t\t<\/a><br \/>\n\t\t\t\t<a href=\"https:\/\/cvsjq.ch\/index.php\/2019\/11\/10\/un-quart-de-siecle-pour-le-championnat-des-solistes\/\"><img decoding=\"async\" width=\"474\" height=\"316\" src=\"https:\/\/cvsjq.ch\/wp-content\/uploads\/2019\/11\/cvsjq18-Champion-valaisan-Cedric-Ritler-DSC08309-1024x683.jpg\" alt=\"\" loading=\"lazy\" srcset=\"https:\/\/cvsjq.ch\/wp-content\/uploads\/2019\/11\/cvsjq18-Champion-valaisan-Cedric-Ritler-DSC08309-1024x683.jpg 1024w, https:\/\/cvsjq.ch\/wp-content\/uploads\/2019\/11\/cvsjq18-Champion-valaisan-Cedric-Ritler-DSC08309-300x200.jpg 300w, https:\/\/cvsjq.ch\/wp-content\/uploads\/2019\/11\/cvsjq18-Champion-valaisan-Cedric-Ritler-DSC08309-768x512.jpg 768w, https:\/\/cvsjq.ch\/wp-content\/uploads\/2019\/11\/cvsjq18-Champion-valaisan-Cedric-Ritler-DSC08309-1536x1024.jpg 1536w, https:\/\/cvsjq.ch\/wp-content\/uploads\/2019\/11\/cvsjq18-Champion-valaisan-Cedric-Ritler-DSC08309-2048x1365.jpg 2048w\" sizes=\"auto, (max-width: 474px) 100vw, 474px\" \/><\/a>\t\t\t<\/p>\n<h2>\n\t\t\t\t\t\t\t\t\t<a href=\"https:\/\/cvsjq.ch\/index.php\/2019\/11\/10\/un-quart-de-siecle-pour-le-championnat-des-solistes\/\" title=\"Un quart de si\u00e8cle pour le championnat des solistes\"><br \/>\n\t\t\t\t\t\tUn quart de si\u00e8cle pour le championnat des solistes\t\t\t\t\t<\/a><br \/>\n\t\t\t\t\t\t\t\t<\/h2>\n<p>\t\t\t\tnovembre 10, 2019\t\t\t<\/p>\n<p>Un quart de si\u00e8cle pour le championnat des solistes En 25 ans, le Championnat valaisan des solistes a mis en &#8230;<\/p>\n<p>\t\t\t\t\t\t\t\t<a href=\"https:\/\/cvsjq.ch\/index.php\/2019\/11\/10\/un-quart-de-siecle-pour-le-championnat-des-solistes\/\"><br \/>\n\t\t\t\t\tLire<br \/>\n\t\t\t\t\t\t\t\t<\/a><\/p>\n","protected":false},"excerpt":{"rendered":"<p>Le CVSJQ 2020 est annul\u00e9:Vive le Concours virtuel des cuivres! septembre 20, 2020 Apr\u00e8s avoir f\u00eat\u00e9 avec brio son quart de si\u00e8cle, le Championnat valaisan des solistes (CVSJQ) doit d\u00e9clarer forfait. Mais une &#8230; Lire La cr\u00e8me des solistes r\u00e9unie pour un concert de gala exceptionnel! janvier 5, 2020 En 25 ans, le Championnat valaisan [&hellip;]<\/p>\n","protected":false},"author":1,"featured_media":0,"parent":0,"menu_order":0,"comment_status":"closed","ping_status":"closed","template":"","meta":{"footnotes":""},"class_list":["post-4218","page","type-page","status-publish","hentry"],"_links":{"self":[{"href":"https:\/\/www.cvsjq.ch\/index.php\/wp-json\/wp\/v2\/pages\/4218","targetHints":{"allow":["GET"]}}],"collection":[{"href":"https:\/\/www.cvsjq.ch\/index.php\/wp-json\/wp\/v2\/pages"}],"about":[{"href":"https:\/\/www.cvsjq.ch\/index.php\/wp-json\/wp\/v2\/types\/page"}],"author":[{"embeddable":true,"href":"https:\/\/www.cvsjq.ch\/index.php\/wp-json\/wp\/v2\/users\/1"}],"replies":[{"embeddable":true,"href":"https:\/\/www.cvsjq.ch\/index.php\/wp-json\/wp\/v2\/comments?post=4218"}],"version-history":[{"count":0,"href":"https:\/\/www.cvsjq.ch\/index.php\/wp-json\/wp\/v2\/pages\/4218\/revisions"}],"wp:attachment":[{"href":"https:\/\/www.cvsjq.ch\/index.php\/wp-json\/wp\/v2\/media?parent=4218"}],"curies":[{"name":"wp","href":"https:\/\/api.w.org\/{rel}","templated":true}]}}